{"id":3589,"date":"2015-09-12T17:38:01","date_gmt":"2015-09-12T15:38:01","guid":{"rendered":"https:\/\/bubthermoplast.de\/?page_id=3589"},"modified":"2015-09-12T17:39:11","modified_gmt":"2015-09-12T15:39:11","slug":"home","status":"publish","type":"page","link":"https:\/\/bubthermoplast.de\/","title":{"rendered":"Start"},"content":{"rendered":"<p class=\"western\"><span style=\"font-size: medium;\"><b>Spritzgie\u00dfen:<\/b><\/span><\/p>\n<ul>\n<li class=\"western\"><span style=\"font-size: medium;\">eine fachgerechte Verarbeitung aller g\u00e4ngigen Thermoplaste auf modernen <\/span><span style=\"font-size: medium;\">Spritzgie\u00dfmaschinen im Bereich von <b>1,5 &#8211; 350 Gramm Spritzteilegewicht<\/b>.<\/span><\/li>\n<li class=\"western\"><span style=\"font-size: medium;\">rechnergesteuerte Spritzgie\u00dfmaschinen Fabrikat: DEMAG-Ergotech und Arburg.<\/span><\/li>\n<li class=\"western\"><span style=\"font-size: medium;\">Erstellung von Erstmustern im Rapid-Prototyp-Verfahren.<\/span><\/li>\n<li class=\"western\"><span style=\"font-size: medium;\">Abmustern von Kundenwerkzeugen und Herstellung von 0 &#8211; Serien.<\/span><\/li>\n<li class=\"western\"><span style=\"font-size: medium;\">vollautomatische Produktion von Spritzgie\u00dfteilen : Kleinserienfertigung, <\/span><span style=\"font-size: medium;\">Gro\u00dfserienfertigung.<\/span><\/li>\n<\/ul>\n<p class=\"western\"><span style=\"font-size: medium;\"><b>Fertigungsbereiche Kunststoff-Spritzgie\u00dfteile:<\/b><\/span><\/p>\n<ul>\n<li class=\"western\"><span style=\"font-size: medium;\">Elektrotechnik-Elektronik,<\/span><\/li>\n<li class=\"western\"><span style=\"font-size: medium;\">Laborger\u00e4te \u2013Medizintechnik,<\/span><\/li>\n<li class=\"western\"><span style=\"font-size: medium;\">Haushaltsger\u00e4te, Kaffeeautomaten,<\/span><\/li>\n<li class=\"western\"><span style=\"font-size: medium;\">Reinstwasser-Regenerierger\u00e4te.<\/span><\/li>\n<li class=\"western\"><span style=\"font-size: medium;\">Schleifmittelindustrie, Schleiftechnik,<\/span><\/li>\n<\/ul>\n<p class=\"western\"><span style=\"font-size: medium;\"><b>Sonder-Fertigung: <\/b><\/span><\/p>\n<ul>\n<li class=\"western\"><span style=\"font-size: medium;\">Konfektionierung und Umspritzung von Einlegeteilen,<\/span><\/li>\n<li class=\"western\"><span style=\"font-size: medium;\">Einlegen von Dioden best\u00fcckten Elektro-Steuerleitungen und Umspritzung mit thermoplastischen Elastomeren, <\/span><\/li>\n<li class=\"western\"><span style=\"font-size: medium;\">Einlegen und Umspritzung von Metall-und Kunststoff-Formteilen.<\/span><\/li>\n<\/ul>\n<p class=\"western\"><span style=\"font-size: medium;\"><b>Konstruktion und Entwicklung von Kunststoff-Spritzgie\u00dfformen und Vorrichtungen:<\/b><\/span><\/p>\n<ul>\n<li class=\"western\"><span style=\"font-size: medium;\">nach Kundenmuster, <\/span><\/li>\n<li class=\"western\"><span style=\"font-size: medium;\">nach Zeichnung bzw. 2D\/3D \u2013 CAD Datens\u00e4tzen.<\/span><\/li>\n<\/ul>\n<p class=\"western\"><span style=\"font-size: medium;\"><b>Datenverarbeitung:<\/b><\/span><\/p>\n<ul>\n<li class=\"western\"><span style=\"font-size: medium;\">3 D &#8211; CAD Konstruktionsprogramm SOLID WORKS ,<\/span><\/li>\n<li class=\"western\"><span style=\"font-size: medium;\">CNC 3-D Fr\u00e4sprogramm SOLID \u2013 CAM<\/span><\/li>\n<\/ul>\n<p class=\"western\"><span style=\"font-size: medium;\"><b>Werkzeugbau: <\/b><\/span><\/p>\n<ul>\n<li>\n<p class=\"western\"><span style=\"font-size: medium;\">Maschinenausstattung f\u00fcr alle Anforderungen im modernen Werkzeugbau: <\/span><\/p>\n<\/li>\n<li>\n<p class=\"western\"><span style=\"font-size: medium;\">CNC-Fr\u00e4sen,<\/span><\/p>\n<\/li>\n<li>\n<p class=\"western\"><span style=\"font-size: medium;\">NC \u2013Drehen,<\/span><\/p>\n<\/li>\n<li>\n<p class=\"western\"><span style=\"font-size: medium;\">Senkerodieren,<\/span><\/p>\n<\/li>\n<li>\n<p class=\"western\"><span style=\"font-size: medium;\">Drahterodieren,<\/span><\/p>\n<\/li>\n<li>\n<p class=\"western\"><span style=\"font-size: medium;\">Rund-und Flachschleifen.<\/span><\/p>\n<\/li>\n<\/ul>\n<p class=\"western\"><span style=\"font-size: medium;\"><b>Qualit\u00e4tssicherung:<\/b><\/span><\/p>\n<ul>\n<li>\n<p class=\"western\"><span style=\"font-size: medium;\">gleichbleibende Lieferqualit\u00e4t durch st\u00e4ndige Kontrolle Ihrer Spritzgie\u00dfteile,<\/span><\/p>\n<\/li>\n<li>\n<p class=\"western\"><span style=\"font-size: medium;\">Einhaltung der Pr\u00fcfparameter nach Ihren QS &#8211; Vorgaben.<\/span><\/p>\n<\/li>\n<li>\n<p class=\"western\"><span style=\"font-size: medium;\">wir arbeiten entsprechend der Richtlinien nach DIN EN ISO 9001 .<\/span><\/p>\n<\/li>\n<\/ul>\n<p class=\"western\"><span style=\"font-size: medium;\"><b>Service:<\/b><\/span><\/p>\n<ul>\n<li class=\"western\"><span style=\"font-size: medium;\">Eine fachgerechte Behandlung Ihrer Spritzgie\u00dfformen durch geschultes Personal mit langj\u00e4hriger Erfahrung im Werkzeugbau und der Kunststoffspritzgie\u00dftechnik,<\/span><\/li>\n<li class=\"western\"><span style=\"font-size: medium;\">Instandsetzung und Wartung kundeneigener Spritzgie\u00dfwerkzeuge in unserem Hause, <\/span><\/li>\n<li class=\"western\"><span style=\"font-size: medium;\">Mehrschichtbetrieb bei entsprechendem Auftragsvolumen.<\/span><\/li>\n<\/ul>\n","protected":false},"excerpt":{"rendered":"<p>Spritzgie\u00dfen: eine fachgerechte Verarbeitung aller g\u00e4ngigen Thermoplaste auf modernen Spritzgie\u00dfmaschinen im Bereich von 1,5 &#8211; 350 Gramm Spritzteilegewicht. rechnergesteuerte Spritzgie\u00dfmaschinen Fabrikat: DEMAG-Ergotech und Arburg. Erstellung von Erstmustern im Rapid-Prototyp-Verfahren. Abmustern von Kundenwerkzeugen und Herstellung von 0 &#8211; Serien. vollautomatische Produktion von Spritzgie\u00dfteilen : Kleinserienfertigung, Gro\u00dfserienfertigung. Fertigungsbereiche Kunststoff-Spritzgie\u00dfteile: Elektrotechnik-Elektronik, Laborger\u00e4te \u2013Medizintechnik, Haushaltsger\u00e4te, Kaffeeautomaten, Reinstwasser-Regenerierger\u00e4te. Schleifmittelindustrie, Schleiftechnik, [&hellip;]<\/p>\n","protected":false},"author":1,"featured_media":0,"parent":0,"menu_order":0,"comment_status":"closed","ping_status":"closed","template":"","meta":[],"_links":{"self":[{"href":"https:\/\/bubthermoplast.de\/index.php?rest_route=\/wp\/v2\/pages\/3589"}],"collection":[{"href":"https:\/\/bubthermoplast.de\/index.php?rest_route=\/wp\/v2\/pages"}],"about":[{"href":"https:\/\/bubthermoplast.de\/index.php?rest_route=\/wp\/v2\/types\/page"}],"author":[{"embeddable":true,"href":"https:\/\/bubthermoplast.de\/index.php?rest_route=\/wp\/v2\/users\/1"}],"replies":[{"embeddable":true,"href":"https:\/\/bubthermoplast.de\/index.php?rest_route=%2Fwp%2Fv2%2Fcomments&post=3589"}],"version-history":[{"count":2,"href":"https:\/\/bubthermoplast.de\/index.php?rest_route=\/wp\/v2\/pages\/3589\/revisions"}],"predecessor-version":[{"id":3591,"href":"https:\/\/bubthermoplast.de\/index.php?rest_route=\/wp\/v2\/pages\/3589\/revisions\/3591"}],"wp:attachment":[{"href":"https:\/\/bubthermoplast.de\/index.php?rest_route=%2Fwp%2Fv2%2Fmedia&parent=3589"}],"curies":[{"name":"wp","href":"https:\/\/api.w.org\/{rel}","templated":true}]}}